{"id":2857,"date":"2023-09-05T16:49:35","date_gmt":"2023-09-05T14:49:35","guid":{"rendered":"https:\/\/wellnessforum.pro\/?page_id=2857"},"modified":"2025-11-04T11:43:26","modified_gmt":"2025-11-04T10:43:26","slug":"contact","status":"publish","type":"page","link":"https:\/\/wellnessforum.pro\/en\/contacto\/","title":{"rendered":"Contact"},"content":{"rendered":"\t\t<div data-elementor-type=\"wp-page\" data-elementor-id=\"2857\" class=\"elementor elementor-2857\" data-elementor-post-type=\"page\">\n\t\t\t\t\t\t<section class=\"elementor-section elementor-top-section elementor-element elementor-element-288020cb elementor-section-boxed elementor-section-height-default elementor-section-height-default\" data-id=\"288020cb\" data-element_type=\"section\" data-e-type=\"section\">\n\t\t\t\t\t\t<div class=\"elementor-container elementor-column-gap-default\">\n\t\t\t\t\t<div class=\"elementor-column elementor-col-100 elementor-top-column elementor-element elementor-element-1113d41a\" data-id=\"1113d41a\" data-element_type=\"column\" data-e-type=\"column\">\n\t\t\t<div class=\"elementor-widget-wrap elementor-element-populated\">\n\t\t\t\t\t\t<div class=\"elementor-element elementor-element-22f4e8d7 de_scroll_animation_no elementor-invisible elementor-widget elementor-widget-text-editor\" data-id=\"22f4e8d7\" data-element_type=\"widget\" data-e-type=\"widget\" data-settings=\"{&quot;_animation&quot;:&quot;fadeIn&quot;}\" data-widget_type=\"text-editor.default\">\n\t\t\t\t<div class=\"elementor-widget-container\">\n\t\t\t\t\t\t\t\t\t<p><\/p>\n<p>Somos la plataforma profesional de WELLNESS &amp; POWER de referencia en Espa\u00f1a.<\/p>\n<p> <\/p>\n<p>Si quieres estar al tanto sobre productos, tendencias, marcas, expertos, eventos y lugares relacionados con salud, bienestar y riqueza, suscr\u00edbete a nuestra newsletter rellenando este formulario.<\/p>\n<p> <\/p>\n<p>Si quieres colaborar o&nbsp;<a href=\"https:\/\/wellnessforum.pro\/wp-content\/uploads\/2023\/12\/Wellness-Forum-MEDIA-KIT_esp.pdf\" target=\"_blank\">anunciar tu empresa&nbsp;<\/a>en nuestra plataforma env\u00eda un mensaje al n. +34 655080195 o un correo a <a href=\"mailto:info@wellnessforum.pro\">info@wellnessforum.pro&nbsp;<\/a><\/p>\t\t\t\t\t\t\t\t<\/div>\n\t\t\t\t<\/div>\n\t\t\t\t<section class=\"elementor-section elementor-inner-section elementor-element elementor-element-678bd849 elementor-section-boxed elementor-section-height-default elementor-section-height-default\" data-id=\"678bd849\" data-element_type=\"section\" data-e-type=\"section\">\n\t\t\t\t\t\t<div class=\"elementor-container elementor-column-gap-default\">\n\t\t\t\t\t<div class=\"elementor-column elementor-col-50 elementor-inner-column elementor-element elementor-element-711834e1\" data-id=\"711834e1\" data-element_type=\"column\" data-e-type=\"column\">\n\t\t\t<div class=\"elementor-widget-wrap elementor-element-populated\">\n\t\t\t\t\t\t<div class=\"elementor-element elementor-element-2432055a de_scroll_animation_no elementor-invisible elementor-widget elementor-widget-heading\" data-id=\"2432055a\" data-element_type=\"widget\" data-e-type=\"widget\" data-settings=\"{&quot;_animation&quot;:&quot;fadeIn&quot;}\" data-widget_type=\"heading.default\">\n\t\t\t\t<div class=\"elementor-widget-container\">\n\t\t\t\t\t<h6 class=\"elementor-heading-title elementor-size-default\">Oficina<\/h6>\t\t\t\t<\/div>\n\t\t\t\t<\/div>\n\t\t\t\t<div class=\"elementor-element elementor-element-3f480724 elementor-widget-mobile__width-inherit de_scroll_animation_no elementor-invisible elementor-widget elementor-widget-text-editor\" data-id=\"3f480724\" data-element_type=\"widget\" data-e-type=\"widget\" data-settings=\"{&quot;_animation&quot;:&quot;fadeIn&quot;}\" data-widget_type=\"text-editor.default\">\n\t\t\t\t<div class=\"elementor-widget-container\">\n\t\t\t\t\t\t\t\t\t<p>Marbella<\/p>\t\t\t\t\t\t\t\t<\/div>\n\t\t\t\t<\/div>\n\t\t\t\t\t<\/div>\n\t\t<\/div>\n\t\t\t\t<div class=\"elementor-column elementor-col-50 elementor-inner-column elementor-element elementor-element-52119a6e\" data-id=\"52119a6e\" data-element_type=\"column\" data-e-type=\"column\">\n\t\t\t<div class=\"elementor-widget-wrap elementor-element-populated\">\n\t\t\t\t\t\t<div class=\"elementor-element elementor-element-2ea96d43 de_scroll_animation_no elementor-invisible elementor-widget elementor-widget-heading\" data-id=\"2ea96d43\" data-element_type=\"widget\" data-e-type=\"widget\" data-settings=\"{&quot;_animation&quot;:&quot;fadeIn&quot;}\" data-widget_type=\"heading.default\">\n\t\t\t\t<div class=\"elementor-widget-container\">\n\t\t\t\t\t<h6 class=\"elementor-heading-title elementor-size-default\">Enlaces<\/h6>\t\t\t\t<\/div>\n\t\t\t\t<\/div>\n\t\t\t\t<div class=\"elementor-element elementor-element-267d8489 elementor-widget-mobile__width-inherit elementor-icon-list--layout-traditional elementor-list-item-link-full_width de_scroll_animation_no elementor-invisible elementor-widget elementor-widget-icon-list\" data-id=\"267d8489\" data-element_type=\"widget\" data-e-type=\"widget\" data-settings=\"{&quot;_animation&quot;:&quot;fadeIn&quot;}\" data-widget_type=\"icon-list.default\">\n\t\t\t\t<div class=\"elementor-widget-container\">\n\t\t\t\t\t\t\t<ul class=\"elementor-icon-list-items\">\n\t\t\t\t\t\t\t<li class=\"elementor-icon-list-item\">\n\t\t\t\t\t\t\t\t\t\t\t<a href=\"#\">\n\n\t\t\t\t\t\t\t\t\t\t\t\t<span class=\"elementor-icon-list-icon\">\n\t\t\t\t\t\t\t<i aria-hidden=\"true\" class=\"icon icon-envelope2\"><\/i>\t\t\t\t\t\t<\/span>\n\t\t\t\t\t\t\t\t\t\t<span class=\"elementor-icon-list-text\">info@wellnessforum.pro<\/span>\n\t\t\t\t\t\t\t\t\t\t\t<\/a>\n\t\t\t\t\t\t\t\t\t<\/li>\n\t\t\t\t\t\t\t\t<li class=\"elementor-icon-list-item\">\n\t\t\t\t\t\t\t\t\t\t\t<a href=\"#\">\n\n\t\t\t\t\t\t\t\t\t\t\t\t<span class=\"elementor-icon-list-icon\">\n\t\t\t\t\t\t\t<i aria-hidden=\"true\" class=\"icon icon-phone1\"><\/i>\t\t\t\t\t\t<\/span>\n\t\t\t\t\t\t\t\t\t\t<span class=\"elementor-icon-list-text\">+34 655 080195<\/span>\n\t\t\t\t\t\t\t\t\t\t\t<\/a>\n\t\t\t\t\t\t\t\t\t<\/li>\n\t\t\t\t\t\t\t\t<li class=\"elementor-icon-list-item\">\n\t\t\t\t\t\t\t\t\t\t\t<span class=\"elementor-icon-list-icon\">\n\t\t\t\t\t\t\t<i aria-hidden=\"true\" class=\"fab fa-instagram\"><\/i>\t\t\t\t\t\t<\/span>\n\t\t\t\t\t\t\t\t\t\t<span class=\"elementor-icon-list-text\">wellnessforum.pro<\/span>\n\t\t\t\t\t\t\t\t\t<\/li>\n\t\t\t\t\t\t<\/ul>\n\t\t\t\t\t\t<\/div>\n\t\t\t\t<\/div>\n\t\t\t\t\t<\/div>\n\t\t<\/div>\n\t\t\t\t\t<\/div>\n\t\t<\/section>\n\t\t\t\t<div class=\"elementor-element elementor-element-4851cec8 elementor-widget-divider--view-line_text elementor-widget-divider--element-align-center de_scroll_animation_no elementor-invisible elementor-widget elementor-widget-divider\" data-id=\"4851cec8\" data-element_type=\"widget\" data-e-type=\"widget\" data-settings=\"{&quot;_animation&quot;:&quot;fadeIn&quot;}\" data-widget_type=\"divider.default\">\n\t\t\t\t<div class=\"elementor-widget-container\">\n\t\t\t\t\t\t\t<div class=\"elementor-divider\">\n\t\t\t<span class=\"elementor-divider-separator\">\n\t\t\t\t\t\t\t<span class=\"elementor-divider__text elementor-divider__element\">\n\t\t\t\tContacto\t\t\t\t<\/span>\n\t\t\t\t\t\t<\/span>\n\t\t<\/div>\n\t\t\t\t\t\t<\/div>\n\t\t\t\t<\/div>\n\t\t\t\t<div class=\"elementor-element elementor-element-af508ee elementor-button-align-stretch de_scroll_animation_no elementor-widget elementor-widget-form\" data-id=\"af508ee\" data-element_type=\"widget\" data-e-type=\"widget\" data-settings=\"{&quot;step_next_label&quot;:&quot;Siguiente&quot;,&quot;step_previous_label&quot;:&quot;Anterior&quot;,&quot;button_width&quot;:&quot;100&quot;,&quot;step_type&quot;:&quot;number_text&quot;,&quot;step_icon_shape&quot;:&quot;circle&quot;}\" data-widget_type=\"form.default\">\n\t\t\t\t<div class=\"elementor-widget-container\">\n\t\t\t\t\t\t\t<form class=\"elementor-form\" method=\"post\" name=\"Formulario Contacto\" aria-label=\"Formulario Contacto\">\n\t\t\t<input type=\"hidden\" name=\"post_id\" value=\"2857\"\/>\n\t\t\t<input type=\"hidden\" name=\"form_id\" value=\"af508ee\"\/>\n\t\t\t<input type=\"hidden\" name=\"referer_title\" value=\"Contacto - Wellness Forum\" \/>\n\n\t\t\t\t\t\t\t<input type=\"hidden\" name=\"queried_id\" value=\"2857\"\/>\n\t\t\t\n\t\t\t<div class=\"elementor-form-fields-wrapper elementor-labels-above\">\n\t\t\t\t\t\t\t\t<div class=\"elementor-field-type-text elementor-field-group elementor-column elementor-field-group-name elementor-col-100 elementor-field-required\">\n\t\t\t\t\t\t\t\t\t\t\t\t<label for=\"form-field-name\" class=\"elementor-field-label\">\n\t\t\t\t\t\t\t\tNombre\t\t\t\t\t\t\t<\/label>\n\t\t\t\t\t\t\t\t\t\t\t\t\t\t<input size=\"1\" type=\"text\" name=\"form_fields[name]\" id=\"form-field-name\" class=\"elementor-field elementor-size-sm  elementor-field-textual\" placeholder=\"Nombre\" required=\"required\">\n\t\t\t\t\t\t\t\t\t\t\t<\/div>\n\t\t\t\t\t\t\t\t<div class=\"elementor-field-type-email elementor-field-group elementor-column elementor-field-group-email elementor-col-100 elementor-field-required\">\n\t\t\t\t\t\t\t\t\t\t\t\t<label for=\"form-field-email\" class=\"elementor-field-label\">\n\t\t\t\t\t\t\t\tCorreo electr\u00f3nico\t\t\t\t\t\t\t<\/label>\n\t\t\t\t\t\t\t\t\t\t\t\t\t\t<input size=\"1\" type=\"email\" name=\"form_fields[email]\" id=\"form-field-email\" class=\"elementor-field elementor-size-sm  elementor-field-textual\" placeholder=\"Correo electr\u00f3nico\" required=\"required\">\n\t\t\t\t\t\t\t\t\t\t\t<\/div>\n\t\t\t\t\t\t\t\t<div class=\"elementor-field-type-textarea elementor-field-group elementor-column elementor-field-group-message elementor-col-100 elementor-field-required\">\n\t\t\t\t\t\t\t\t\t\t\t\t<label for=\"form-field-message\" class=\"elementor-field-label\">\n\t\t\t\t\t\t\t\tMensaje\t\t\t\t\t\t\t<\/label>\n\t\t\t\t\t\t<textarea class=\"elementor-field-textual elementor-field  elementor-size-sm\" name=\"form_fields[message]\" id=\"form-field-message\" rows=\"8\" placeholder=\"Mensaje\" required=\"required\"><\/textarea>\t\t\t\t<\/div>\n\t\t\t\t\t\t\t\t<div class=\"elementor-field-type-recaptcha_v3 elementor-field-group elementor-column elementor-field-group-field_52a4f59 elementor-col-100 recaptcha_v3-inline\">\n\t\t\t\t\t<div class=\"elementor-field\" id=\"form-field-field_52a4f59\"><div class=\"elementor-g-recaptcha\" data-sitekey=\"6Le6Z8IrAAAAALI1SwFhj5uClrqtzQ_W3yRSEaaN\" data-type=\"v3\" data-action=\"Form\" data-badge=\"inline\" data-size=\"invisible\"><\/div><\/div>\t\t\t\t<\/div>\n\t\t\t\t\t\t\t\t<div class=\"elementor-field-type-text\">\n\t\t\t\t\t<input size=\"1\" type=\"text\" name=\"form_fields[field_5ea2301]\" id=\"form-field-field_5ea2301\" class=\"elementor-field elementor-size-sm \" style=\"display:none !important;\">\t\t\t\t<\/div>\n\t\t\t\t\t\t\t\t<div class=\"elementor-field-group elementor-column elementor-field-type-submit elementor-col-100 e-form__buttons\">\n\t\t\t\t\t<button class=\"elementor-button elementor-size-sm\" type=\"submit\">\n\t\t\t\t\t\t<span class=\"elementor-button-content-wrapper\">\n\t\t\t\t\t\t\t\t\t\t\t\t\t\t\t\t\t\t\t\t\t\t<span class=\"elementor-button-text\">Enviar<\/span>\n\t\t\t\t\t\t\t\t\t\t\t\t\t<\/span>\n\t\t\t\t\t<\/button>\n\t\t\t\t<\/div>\n\t\t\t<\/div>\n\t\t<\/form>\n\t\t\t\t\t\t<\/div>\n\t\t\t\t<\/div>\n\t\t\t\t\t<\/div>\n\t\t<\/div>\n\t\t\t\t\t<\/div>\n\t\t<\/section>\n\t\t\t\t<\/div>\n\t\t","protected":false},"excerpt":{"rendered":"<p>Somos la plataforma profesional de WELLNESS &amp; POWER de referencia en Espa\u00f1a. Si quieres estar al tanto sobre productos, tendencias, marcas, expertos, eventos y lugares relacionados con salud, bienestar y riqueza, suscr\u00edbete a nuestra newsletter rellenando este formulario. Si quieres colaborar o&nbsp;anunciar tu empresa&nbsp;en nuestra plataforma env\u00eda un mensaje al n. +34 655080195 o un [&hellip;]<\/p>\n","protected":false},"author":2,"featured_media":0,"parent":0,"menu_order":0,"comment_status":"closed","ping_status":"closed","template":"","meta":{"footnotes":""},"class_list":["post-2857","page","type-page","status-publish","hentry"],"yoast_head":"<!-- This site is optimized with the Yoast SEO plugin v27.3 - https:\/\/yoast.com\/product\/yoast-seo-wordpress\/ -->\n<title>Contacto - Wellness Forum<\/title>\n<meta name=\"robots\" content=\"index, follow, max-snippet:-1, max-image-preview:large, max-video-preview:-1\" \/>\n<link rel=\"canonical\" href=\"https:\/\/wellnessforum.pro\/en\/contact\/\" \/>\n<meta property=\"og:locale\" content=\"en_GB\" \/>\n<meta property=\"og:type\" content=\"article\" \/>\n<meta property=\"og:title\" content=\"Contacto - Wellness Forum\" \/>\n<meta property=\"og:description\" content=\"Somos la plataforma profesional de WELLNESS &amp; POWER de referencia en Espa\u00f1a. Si quieres estar al tanto sobre productos, tendencias, marcas, expertos, eventos y lugares relacionados con salud, bienestar y riqueza, suscr\u00edbete a nuestra newsletter rellenando este formulario. Si quieres colaborar o&nbsp;anunciar tu empresa&nbsp;en nuestra plataforma env\u00eda un mensaje al n. +34 655080195 o un [&hellip;]\" \/>\n<meta property=\"og:url\" content=\"https:\/\/wellnessforum.pro\/en\/contact\/\" \/>\n<meta property=\"og:site_name\" content=\"Wellness Forum\" \/>\n<meta property=\"article:modified_time\" content=\"2025-11-04T10:43:26+00:00\" \/>\n<meta property=\"og:image\" content=\"https:\/\/wellnessforum.pro\/wp-content\/uploads\/2023\/09\/LOGO-WF@2x.png\" \/>\n\t<meta property=\"og:image:width\" content=\"447\" \/>\n\t<meta property=\"og:image:height\" content=\"305\" \/>\n\t<meta property=\"og:image:type\" content=\"image\/png\" \/>\n<meta name=\"twitter:card\" content=\"summary_large_image\" \/>\n<meta name=\"twitter:label1\" content=\"Estimated reading time\" \/>\n\t<meta name=\"twitter:data1\" content=\"1 minute\" \/>\n<script type=\"application\/ld+json\" class=\"yoast-schema-graph\">{\"@context\":\"https:\\\/\\\/schema.org\",\"@graph\":[{\"@type\":\"WebPage\",\"@id\":\"https:\\\/\\\/wellnessforum.pro\\\/contacto\\\/\",\"url\":\"https:\\\/\\\/wellnessforum.pro\\\/contacto\\\/\",\"name\":\"Contacto - Wellness Forum\",\"isPartOf\":{\"@id\":\"https:\\\/\\\/wellnessforum.pro\\\/#website\"},\"datePublished\":\"2023-09-05T14:49:35+00:00\",\"dateModified\":\"2025-11-04T10:43:26+00:00\",\"breadcrumb\":{\"@id\":\"https:\\\/\\\/wellnessforum.pro\\\/contacto\\\/#breadcrumb\"},\"inLanguage\":\"en-GB\",\"potentialAction\":[{\"@type\":\"ReadAction\",\"target\":[\"https:\\\/\\\/wellnessforum.pro\\\/contacto\\\/\"]}]},{\"@type\":\"BreadcrumbList\",\"@id\":\"https:\\\/\\\/wellnessforum.pro\\\/contacto\\\/#breadcrumb\",\"itemListElement\":[{\"@type\":\"ListItem\",\"position\":1,\"name\":\"Portada\",\"item\":\"https:\\\/\\\/wellnessforum.pro\\\/\"},{\"@type\":\"ListItem\",\"position\":2,\"name\":\"Contacto\"}]},{\"@type\":\"WebSite\",\"@id\":\"https:\\\/\\\/wellnessforum.pro\\\/#website\",\"url\":\"https:\\\/\\\/wellnessforum.pro\\\/\",\"name\":\"Wellness Forum\",\"description\":\"\u00bfQuieres una vida m\u00e1s saludable y pr\u00f3spera? Visita Wellness Forum y encuentra las mejores gu\u00edas y consejos en salud, bienestar y riqueza. \u00a1Empieza tu transformaci\u00f3n!\",\"publisher\":{\"@id\":\"https:\\\/\\\/wellnessforum.pro\\\/#organization\"},\"potentialAction\":[{\"@type\":\"SearchAction\",\"target\":{\"@type\":\"EntryPoint\",\"urlTemplate\":\"https:\\\/\\\/wellnessforum.pro\\\/?s={search_term_string}\"},\"query-input\":{\"@type\":\"PropertyValueSpecification\",\"valueRequired\":true,\"valueName\":\"search_term_string\"}}],\"inLanguage\":\"en-GB\"},{\"@type\":\"Organization\",\"@id\":\"https:\\\/\\\/wellnessforum.pro\\\/#organization\",\"name\":\"Wellness Forum\",\"url\":\"https:\\\/\\\/wellnessforum.pro\\\/\",\"logo\":{\"@type\":\"ImageObject\",\"inLanguage\":\"en-GB\",\"@id\":\"https:\\\/\\\/wellnessforum.pro\\\/#\\\/schema\\\/logo\\\/image\\\/\",\"url\":\"https:\\\/\\\/wellnessforum.pro\\\/wp-content\\\/uploads\\\/2023\\\/09\\\/160LOGO-WF.png\",\"contentUrl\":\"https:\\\/\\\/wellnessforum.pro\\\/wp-content\\\/uploads\\\/2023\\\/09\\\/160LOGO-WF.png\",\"width\":235,\"height\":160,\"caption\":\"Wellness Forum\"},\"image\":{\"@id\":\"https:\\\/\\\/wellnessforum.pro\\\/#\\\/schema\\\/logo\\\/image\\\/\"}}]}<\/script>\n<!-- \/ Yoast SEO plugin. -->","yoast_head_json":{"title":"Contact - Wellness Forum","robots":{"index":"index","follow":"follow","max-snippet":"max-snippet:-1","max-image-preview":"max-image-preview:large","max-video-preview":"max-video-preview:-1"},"canonical":"https:\/\/wellnessforum.pro\/en\/contact\/","og_locale":"en_GB","og_type":"article","og_title":"Contacto - Wellness Forum","og_description":"Somos la plataforma profesional de WELLNESS &amp; POWER de referencia en Espa\u00f1a. Si quieres estar al tanto sobre productos, tendencias, marcas, expertos, eventos y lugares relacionados con salud, bienestar y riqueza, suscr\u00edbete a nuestra newsletter rellenando este formulario. Si quieres colaborar o&nbsp;anunciar tu empresa&nbsp;en nuestra plataforma env\u00eda un mensaje al n. +34 655080195 o un [&hellip;]","og_url":"https:\/\/wellnessforum.pro\/en\/contact\/","og_site_name":"Wellness Forum","article_modified_time":"2025-11-04T10:43:26+00:00","og_image":[{"width":447,"height":305,"url":"https:\/\/wellnessforum.pro\/wp-content\/uploads\/2023\/09\/LOGO-WF@2x.png","type":"image\/png"}],"twitter_card":"summary_large_image","twitter_misc":{"Estimated reading time":"1 minute"},"schema":{"@context":"https:\/\/schema.org","@graph":[{"@type":"WebPage","@id":"https:\/\/wellnessforum.pro\/contacto\/","url":"https:\/\/wellnessforum.pro\/contacto\/","name":"Contact - Wellness Forum","isPartOf":{"@id":"https:\/\/wellnessforum.pro\/#website"},"datePublished":"2023-09-05T14:49:35+00:00","dateModified":"2025-11-04T10:43:26+00:00","breadcrumb":{"@id":"https:\/\/wellnessforum.pro\/contacto\/#breadcrumb"},"inLanguage":"en-GB","potentialAction":[{"@type":"ReadAction","target":["https:\/\/wellnessforum.pro\/contacto\/"]}]},{"@type":"BreadcrumbList","@id":"https:\/\/wellnessforum.pro\/contacto\/#breadcrumb","itemListElement":[{"@type":"ListItem","position":1,"name":"Portada","item":"https:\/\/wellnessforum.pro\/"},{"@type":"ListItem","position":2,"name":"Contacto"}]},{"@type":"WebSite","@id":"https:\/\/wellnessforum.pro\/#website","url":"https:\/\/wellnessforum.pro\/","name":"Wellness Forum","description":"Do you want a healthier and more prosperous life? Visit the Wellness Forum and find the best guides and advice on health, wellness and wealth - start your transformation!","publisher":{"@id":"https:\/\/wellnessforum.pro\/#organization"},"potentialAction":[{"@type":"SearchAction","target":{"@type":"EntryPoint","urlTemplate":"https:\/\/wellnessforum.pro\/?s={search_term_string}"},"query-input":{"@type":"PropertyValueSpecification","valueRequired":true,"valueName":"search_term_string"}}],"inLanguage":"en-GB"},{"@type":"Organization","@id":"https:\/\/wellnessforum.pro\/#organization","name":"Wellness Forum","url":"https:\/\/wellnessforum.pro\/","logo":{"@type":"ImageObject","inLanguage":"en-GB","@id":"https:\/\/wellnessforum.pro\/#\/schema\/logo\/image\/","url":"https:\/\/wellnessforum.pro\/wp-content\/uploads\/2023\/09\/160LOGO-WF.png","contentUrl":"https:\/\/wellnessforum.pro\/wp-content\/uploads\/2023\/09\/160LOGO-WF.png","width":235,"height":160,"caption":"Wellness Forum"},"image":{"@id":"https:\/\/wellnessforum.pro\/#\/schema\/logo\/image\/"}}]}},"_links":{"self":[{"href":"https:\/\/wellnessforum.pro\/en\/wp-json\/wp\/v2\/pages\/2857","targetHints":{"allow":["GET"]}}],"collection":[{"href":"https:\/\/wellnessforum.pro\/en\/wp-json\/wp\/v2\/pages"}],"about":[{"href":"https:\/\/wellnessforum.pro\/en\/wp-json\/wp\/v2\/types\/page"}],"author":[{"embeddable":true,"href":"https:\/\/wellnessforum.pro\/en\/wp-json\/wp\/v2\/users\/2"}],"replies":[{"embeddable":true,"href":"https:\/\/wellnessforum.pro\/en\/wp-json\/wp\/v2\/comments?post=2857"}],"version-history":[{"count":6,"href":"https:\/\/wellnessforum.pro\/en\/wp-json\/wp\/v2\/pages\/2857\/revisions"}],"predecessor-version":[{"id":5463,"href":"https:\/\/wellnessforum.pro\/en\/wp-json\/wp\/v2\/pages\/2857\/revisions\/5463"}],"wp:attachment":[{"href":"https:\/\/wellnessforum.pro\/en\/wp-json\/wp\/v2\/media?parent=2857"}],"curies":[{"name":"wp","href":"https:\/\/api.w.org\/{rel}","templated":true}]}}