{"id":2861,"date":"2023-09-05T16:53:27","date_gmt":"2023-09-05T14:53:27","guid":{"rendered":"https:\/\/wellnessforum.pro\/?page_id=2861"},"modified":"2023-09-08T15:33:58","modified_gmt":"2023-09-08T13:33:58","slug":"advertising","status":"publish","type":"page","link":"https:\/\/wellnessforum.pro\/en\/publicidad\/","title":{"rendered":"Advertising"},"content":{"rendered":"<p>WELLNESS FORUM in<\/p>\n\n\n\n<p><strong>DIGITAL<\/strong><\/p>\n\n\n\n<p>Access to the WELLNESS FORUM online will be free from anywhere in the world giving advertisers a unique reach to expand their target audience.<\/p>\n\n\n\n<p><strong>EMAIL &amp; MARKETING<\/strong><\/p>\n\n\n\n<p>Sponsored banners will be combined with the latest health and wellness content allowing advertisers to target their specific customer groups.<\/p>\n\n\n\n<p><strong>PODCAST AND VIDEO INTERVIEWS ON THEMATIC CHANNELS<\/strong><\/p>\n\n\n\n<p>WELLNESS FORUM's social platforms will keep your audience engaged throughout the year with the latest articles and news of upcoming events.<\/p>\n\n\n\n<p>Download our <strong><a href=\"https:\/\/wellnessforum.pro\/wp-content\/uploads\/2023\/09\/WF-media-kit.pdf\">mediakit<\/a> <\/strong>and advertising rates.<\/p>","protected":false},"excerpt":{"rendered":"<p>WELLNESS FORUM en DIGITAL El acceso a WELLNESS FORUM online ser\u00e1 libre desde cualquier parte del mundo dando a los anunciantes un alcance \u00fanico pudiendo ampliar su p\u00fablico objetivo EMAIL &amp; MARKETING Los banners patrocinados ser\u00e1n combinados con el contenido m\u00e1s reciente sobre salud y bienestar permitiendo a los anunciantes dirigirse a sus grupos de [&hellip;]<\/p>\n","protected":false},"author":2,"featured_media":0,"parent":0,"menu_order":0,"comment_status":"closed","ping_status":"closed","template":"","meta":{"footnotes":""},"class_list":["post-2861","page","type-page","status-publish","hentry"],"yoast_head":"<!-- This site is optimized with the Yoast SEO plugin v27.3 - https:\/\/yoast.com\/product\/yoast-seo-wordpress\/ -->\n<title>Publicidad - Wellness Forum<\/title>\n<meta name=\"robots\" content=\"index, follow, max-snippet:-1, max-image-preview:large, max-video-preview:-1\" \/>\n<link rel=\"canonical\" href=\"https:\/\/wellnessforum.pro\/en\/advertising\/\" \/>\n<meta property=\"og:locale\" content=\"en_GB\" \/>\n<meta property=\"og:type\" content=\"article\" \/>\n<meta property=\"og:title\" content=\"Publicidad - Wellness Forum\" \/>\n<meta property=\"og:description\" content=\"WELLNESS FORUM en DIGITAL El acceso a WELLNESS FORUM online ser\u00e1 libre desde cualquier parte del mundo dando a los anunciantes un alcance \u00fanico pudiendo ampliar su p\u00fablico objetivo EMAIL &amp; MARKETING Los banners patrocinados ser\u00e1n combinados con el contenido m\u00e1s reciente sobre salud y bienestar permitiendo a los anunciantes dirigirse a sus grupos de [&hellip;]\" \/>\n<meta property=\"og:url\" content=\"https:\/\/wellnessforum.pro\/en\/advertising\/\" \/>\n<meta property=\"og:site_name\" content=\"Wellness Forum\" \/>\n<meta property=\"article:modified_time\" content=\"2023-09-08T13:33:58+00:00\" \/>\n<meta property=\"og:image\" content=\"https:\/\/wellnessforum.pro\/wp-content\/uploads\/2023\/09\/LOGO-WF@2x.png\" \/>\n\t<meta property=\"og:image:width\" content=\"447\" \/>\n\t<meta property=\"og:image:height\" content=\"305\" \/>\n\t<meta property=\"og:image:type\" content=\"image\/png\" \/>\n<meta name=\"twitter:card\" content=\"summary_large_image\" \/>\n<meta name=\"twitter:label1\" content=\"Estimated reading time\" \/>\n\t<meta name=\"twitter:data1\" content=\"1 minute\" \/>\n<script type=\"application\/ld+json\" class=\"yoast-schema-graph\">{\"@context\":\"https:\\\/\\\/schema.org\",\"@graph\":[{\"@type\":\"WebPage\",\"@id\":\"https:\\\/\\\/wellnessforum.pro\\\/publicidad\\\/\",\"url\":\"https:\\\/\\\/wellnessforum.pro\\\/publicidad\\\/\",\"name\":\"Publicidad - Wellness Forum\",\"isPartOf\":{\"@id\":\"https:\\\/\\\/wellnessforum.pro\\\/#website\"},\"datePublished\":\"2023-09-05T14:53:27+00:00\",\"dateModified\":\"2023-09-08T13:33:58+00:00\",\"breadcrumb\":{\"@id\":\"https:\\\/\\\/wellnessforum.pro\\\/publicidad\\\/#breadcrumb\"},\"inLanguage\":\"en-GB\",\"potentialAction\":[{\"@type\":\"ReadAction\",\"target\":[\"https:\\\/\\\/wellnessforum.pro\\\/publicidad\\\/\"]}]},{\"@type\":\"BreadcrumbList\",\"@id\":\"https:\\\/\\\/wellnessforum.pro\\\/publicidad\\\/#breadcrumb\",\"itemListElement\":[{\"@type\":\"ListItem\",\"position\":1,\"name\":\"Portada\",\"item\":\"https:\\\/\\\/wellnessforum.pro\\\/\"},{\"@type\":\"ListItem\",\"position\":2,\"name\":\"Publicidad\"}]},{\"@type\":\"WebSite\",\"@id\":\"https:\\\/\\\/wellnessforum.pro\\\/#website\",\"url\":\"https:\\\/\\\/wellnessforum.pro\\\/\",\"name\":\"Wellness Forum\",\"description\":\"\u00bfQuieres una vida m\u00e1s saludable y pr\u00f3spera? Visita Wellness Forum y encuentra las mejores gu\u00edas y consejos en salud, bienestar y riqueza. \u00a1Empieza tu transformaci\u00f3n!\",\"publisher\":{\"@id\":\"https:\\\/\\\/wellnessforum.pro\\\/#organization\"},\"potentialAction\":[{\"@type\":\"SearchAction\",\"target\":{\"@type\":\"EntryPoint\",\"urlTemplate\":\"https:\\\/\\\/wellnessforum.pro\\\/?s={search_term_string}\"},\"query-input\":{\"@type\":\"PropertyValueSpecification\",\"valueRequired\":true,\"valueName\":\"search_term_string\"}}],\"inLanguage\":\"en-GB\"},{\"@type\":\"Organization\",\"@id\":\"https:\\\/\\\/wellnessforum.pro\\\/#organization\",\"name\":\"Wellness Forum\",\"url\":\"https:\\\/\\\/wellnessforum.pro\\\/\",\"logo\":{\"@type\":\"ImageObject\",\"inLanguage\":\"en-GB\",\"@id\":\"https:\\\/\\\/wellnessforum.pro\\\/#\\\/schema\\\/logo\\\/image\\\/\",\"url\":\"https:\\\/\\\/wellnessforum.pro\\\/wp-content\\\/uploads\\\/2023\\\/09\\\/160LOGO-WF.png\",\"contentUrl\":\"https:\\\/\\\/wellnessforum.pro\\\/wp-content\\\/uploads\\\/2023\\\/09\\\/160LOGO-WF.png\",\"width\":235,\"height\":160,\"caption\":\"Wellness Forum\"},\"image\":{\"@id\":\"https:\\\/\\\/wellnessforum.pro\\\/#\\\/schema\\\/logo\\\/image\\\/\"}}]}<\/script>\n<!-- \/ Yoast SEO plugin. -->","yoast_head_json":{"title":"Advertising - Wellness Forum","robots":{"index":"index","follow":"follow","max-snippet":"max-snippet:-1","max-image-preview":"max-image-preview:large","max-video-preview":"max-video-preview:-1"},"canonical":"https:\/\/wellnessforum.pro\/en\/advertising\/","og_locale":"en_GB","og_type":"article","og_title":"Publicidad - Wellness Forum","og_description":"WELLNESS FORUM en DIGITAL El acceso a WELLNESS FORUM online ser\u00e1 libre desde cualquier parte del mundo dando a los anunciantes un alcance \u00fanico pudiendo ampliar su p\u00fablico objetivo EMAIL &amp; MARKETING Los banners patrocinados ser\u00e1n combinados con el contenido m\u00e1s reciente sobre salud y bienestar permitiendo a los anunciantes dirigirse a sus grupos de [&hellip;]","og_url":"https:\/\/wellnessforum.pro\/en\/advertising\/","og_site_name":"Wellness Forum","article_modified_time":"2023-09-08T13:33:58+00:00","og_image":[{"width":447,"height":305,"url":"https:\/\/wellnessforum.pro\/wp-content\/uploads\/2023\/09\/LOGO-WF@2x.png","type":"image\/png"}],"twitter_card":"summary_large_image","twitter_misc":{"Estimated reading time":"1 minute"},"schema":{"@context":"https:\/\/schema.org","@graph":[{"@type":"WebPage","@id":"https:\/\/wellnessforum.pro\/publicidad\/","url":"https:\/\/wellnessforum.pro\/publicidad\/","name":"Advertising - Wellness Forum","isPartOf":{"@id":"https:\/\/wellnessforum.pro\/#website"},"datePublished":"2023-09-05T14:53:27+00:00","dateModified":"2023-09-08T13:33:58+00:00","breadcrumb":{"@id":"https:\/\/wellnessforum.pro\/publicidad\/#breadcrumb"},"inLanguage":"en-GB","potentialAction":[{"@type":"ReadAction","target":["https:\/\/wellnessforum.pro\/publicidad\/"]}]},{"@type":"BreadcrumbList","@id":"https:\/\/wellnessforum.pro\/publicidad\/#breadcrumb","itemListElement":[{"@type":"ListItem","position":1,"name":"Portada","item":"https:\/\/wellnessforum.pro\/"},{"@type":"ListItem","position":2,"name":"Publicidad"}]},{"@type":"WebSite","@id":"https:\/\/wellnessforum.pro\/#website","url":"https:\/\/wellnessforum.pro\/","name":"Wellness Forum","description":"Do you want a healthier and more prosperous life? Visit the Wellness Forum and find the best guides and advice on health, wellness and wealth - start your transformation!","publisher":{"@id":"https:\/\/wellnessforum.pro\/#organization"},"potentialAction":[{"@type":"SearchAction","target":{"@type":"EntryPoint","urlTemplate":"https:\/\/wellnessforum.pro\/?s={search_term_string}"},"query-input":{"@type":"PropertyValueSpecification","valueRequired":true,"valueName":"search_term_string"}}],"inLanguage":"en-GB"},{"@type":"Organization","@id":"https:\/\/wellnessforum.pro\/#organization","name":"Wellness Forum","url":"https:\/\/wellnessforum.pro\/","logo":{"@type":"ImageObject","inLanguage":"en-GB","@id":"https:\/\/wellnessforum.pro\/#\/schema\/logo\/image\/","url":"https:\/\/wellnessforum.pro\/wp-content\/uploads\/2023\/09\/160LOGO-WF.png","contentUrl":"https:\/\/wellnessforum.pro\/wp-content\/uploads\/2023\/09\/160LOGO-WF.png","width":235,"height":160,"caption":"Wellness Forum"},"image":{"@id":"https:\/\/wellnessforum.pro\/#\/schema\/logo\/image\/"}}]}},"_links":{"self":[{"href":"https:\/\/wellnessforum.pro\/en\/wp-json\/wp\/v2\/pages\/2861","targetHints":{"allow":["GET"]}}],"collection":[{"href":"https:\/\/wellnessforum.pro\/en\/wp-json\/wp\/v2\/pages"}],"about":[{"href":"https:\/\/wellnessforum.pro\/en\/wp-json\/wp\/v2\/types\/page"}],"author":[{"embeddable":true,"href":"https:\/\/wellnessforum.pro\/en\/wp-json\/wp\/v2\/users\/2"}],"replies":[{"embeddable":true,"href":"https:\/\/wellnessforum.pro\/en\/wp-json\/wp\/v2\/comments?post=2861"}],"version-history":[{"count":0,"href":"https:\/\/wellnessforum.pro\/en\/wp-json\/wp\/v2\/pages\/2861\/revisions"}],"wp:attachment":[{"href":"https:\/\/wellnessforum.pro\/en\/wp-json\/wp\/v2\/media?parent=2861"}],"curies":[{"name":"wp","href":"https:\/\/api.w.org\/{rel}","templated":true}]}}