{"id":2969,"date":"2023-09-06T16:31:46","date_gmt":"2023-09-06T14:31:46","guid":{"rendered":"https:\/\/wellnessforum.pro\/?page_id=2969"},"modified":"2023-09-06T16:32:26","modified_gmt":"2023-09-06T14:32:26","slug":"about-wellness-forum","status":"publish","type":"page","link":"https:\/\/wellnessforum.pro\/en\/sobre-wellness-forum\/","title":{"rendered":"About Wellness Forum"},"content":{"rendered":"<div data-elementor-type=\"wp-page\" data-elementor-id=\"2969\" class=\"elementor elementor-2969\" data-elementor-post-type=\"page\">\n\t\t\t\t\t\t<section class=\"elementor-section elementor-top-section elementor-element elementor-element-64f57478 elementor-section-boxed elementor-section-height-default elementor-section-height-default\" data-id=\"64f57478\" data-element_type=\"section\" data-e-type=\"section\">\n\t\t\t\t\t\t<div class=\"elementor-container elementor-column-gap-default\">\n\t\t\t\t\t<div class=\"elementor-column elementor-col-50 elementor-top-column elementor-element elementor-element-179e3de2\" data-id=\"179e3de2\" data-element_type=\"column\" data-e-type=\"column\">\n\t\t\t<div class=\"elementor-widget-wrap elementor-element-populated\">\n\t\t\t\t\t\t<div class=\"elementor-element elementor-element-69d16c34 de_scroll_animation_no elementor-invisible elementor-widget elementor-widget-heading\" data-id=\"69d16c34\" data-element_type=\"widget\" data-e-type=\"widget\" data-settings=\"{&quot;_animation&quot;:&quot;fadeIn&quot;}\" data-widget_type=\"heading.default\">\n\t\t\t\t<div class=\"elementor-widget-container\">\n\t\t\t\t\t<h1 class=\"elementor-heading-title elementor-size-default\">We bring latest trends on digital life<\/h1>\t\t\t\t<\/div>\n\t\t\t\t<\/div>\n\t\t\t\t\t<\/div>\n\t\t<\/div>\n\t\t\t\t<div class=\"elementor-column elementor-col-50 elementor-top-column elementor-element elementor-element-72623ea\" data-id=\"72623ea\" data-element_type=\"column\" data-e-type=\"column\">\n\t\t\t<div class=\"elementor-widget-wrap elementor-element-populated\">\n\t\t\t\t\t\t<div class=\"elementor-element elementor-element-51a0daef de_scroll_animation_no elementor-invisible elementor-widget elementor-widget-text-editor\" data-id=\"51a0daef\" data-element_type=\"widget\" data-e-type=\"widget\" data-settings=\"{&quot;_animation&quot;:&quot;fadeIn&quot;}\" data-widget_type=\"text-editor.default\">\n\t\t\t\t<div class=\"elementor-widget-container\">\n\t\t\t\t\t\t\t\t\t<p>Lorem ipsum dolor sit amet, consectetur adipiscing elit. Ut elit tellus, luctus nec ullamcorper mattis.<\/p>\t\t\t\t\t\t\t\t<\/div>\n\t\t\t\t<\/div>\n\t\t\t\t\t<\/div>\n\t\t<\/div>\n\t\t\t\t\t<\/div>\n\t\t<\/section>\n\t\t\t\t<section class=\"elementor-section elementor-top-section elementor-element elementor-element-c59ab98 elementor-section-boxed elementor-section-height-default elementor-section-height-default\" data-id=\"c59ab98\" data-element_type=\"section\" data-e-type=\"section\">\n\t\t\t\t\t\t<div class=\"elementor-container elementor-column-gap-default\">\n\t\t\t\t\t<div class=\"elementor-column elementor-col-100 elementor-top-column elementor-element elementor-element-3fb0495\" data-id=\"3fb0495\" data-element_type=\"column\" data-e-type=\"column\">\n\t\t\t<div class=\"elementor-widget-wrap elementor-element-populated\">\n\t\t\t\t\t\t<div class=\"elementor-element elementor-element-2117ac18 de_scroll_animation_no elementor-invisible elementor-widget elementor-widget-image\" data-id=\"2117ac18\" data-element_type=\"widget\" data-e-type=\"widget\" data-settings=\"{&quot;_animation&quot;:&quot;fadeIn&quot;}\" data-widget_type=\"image.default\">\n\t\t\t\t<div class=\"elementor-widget-container\">\n\t\t\t\t\t\t\t\t\t\t\t\t\t\t\t<img decoding=\"async\" src=\"https:\/\/wellnessforum.pro\/wp-content\/uploads\/2023\/09\/49.jpg\" title=\"\" alt=\"\" loading=\"lazy\" \/>\t\t\t\t\t\t\t\t\t\t\t\t\t\t\t<\/div>\n\t\t\t\t<\/div>\n\t\t\t\t\t<\/div>\n\t\t<\/div>\n\t\t\t\t\t<\/div>\n\t\t<\/section>\n\t\t\t\t<section class=\"elementor-section elementor-top-section elementor-element elementor-element-45fa2f90 elementor-section-boxed elementor-section-height-default elementor-section-height-default\" data-id=\"45fa2f90\" data-element_type=\"section\" data-e-type=\"section\">\n\t\t\t\t\t\t<div class=\"elementor-container elementor-column-gap-default\">\n\t\t\t\t\t<div class=\"elementor-column elementor-col-50 elementor-top-column elementor-element elementor-element-636660af\" data-id=\"636660af\" data-element_type=\"column\" data-e-type=\"column\">\n\t\t\t<div class=\"elementor-widget-wrap elementor-element-populated\">\n\t\t\t\t\t\t<div class=\"elementor-element elementor-element-38525d92 de_scroll_animation_no elementor-invisible elementor-widget elementor-widget-heading\" data-id=\"38525d92\" data-element_type=\"widget\" data-e-type=\"widget\" data-settings=\"{&quot;_animation&quot;:&quot;fadeIn&quot;}\" data-widget_type=\"heading.default\">\n\t\t\t\t<div class=\"elementor-widget-container\">\n\t\t\t\t\t<h3 class=\"elementor-heading-title elementor-size-default\">Talent wins games, but teamwork and intelligence win championships.<\/h3>\t\t\t\t<\/div>\n\t\t\t\t<\/div>\n\t\t\t\t\t<\/div>\n\t\t<\/div>\n\t\t\t\t<div class=\"elementor-column elementor-col-50 elementor-top-column elementor-element elementor-element-4e872d64\" data-id=\"4e872d64\" data-element_type=\"column\" data-e-type=\"column\">\n\t\t\t<div class=\"elementor-widget-wrap elementor-element-populated\">\n\t\t\t\t\t\t<div class=\"elementor-element elementor-element-3dd9a4ec de_scroll_animation_no elementor-invisible elementor-widget elementor-widget-text-editor\" data-id=\"3dd9a4ec\" data-element_type=\"widget\" data-e-type=\"widget\" data-settings=\"{&quot;_animation&quot;:&quot;fadeIn&quot;}\" data-widget_type=\"text-editor.default\">\n\t\t\t\t<div class=\"elementor-widget-container\">\n\t\t\t\t\t\t\t\t\t<p>Lorem ipsum dolor sit amet, consectetur adipiscing elit, sed do eiusmod tempor incididunt ut labore et dolore magna aliqua. Purus gravida quis blandit turpis cursus in hac habitasse platea.<\/p><p>Imperdiet massa tincidunt nunc pulvinar sapien et ligula ullamcorper malesuada. Tortor condimentum lacinia quis vel eros donec ac odio tempor. Euismod elementum nisi quis eleifend quam.<\/p><p>Pellentesque dignissim enim sit amet venenatis urna. Duis ut diam quam nulla porttitor. In iaculis nunc sed augue lacus. Diam vulputate ut pharetra sit amet aliquam.<\/p>\t\t\t\t\t\t\t\t<\/div>\n\t\t\t\t<\/div>\n\t\t\t\t\t<\/div>\n\t\t<\/div>\n\t\t\t\t\t<\/div>\n\t\t<\/section>\n\t\t\t\t<section class=\"elementor-section elementor-top-section elementor-element elementor-element-31ec17cc elementor-section-boxed elementor-section-height-default elementor-section-height-default\" data-id=\"31ec17cc\" data-element_type=\"section\" data-e-type=\"section\">\n\t\t\t\t\t\t<div class=\"elementor-container elementor-column-gap-default\">\n\t\t\t\t\t<div class=\"elementor-column elementor-col-50 elementor-top-column elementor-element elementor-element-571ddc03\" data-id=\"571ddc03\" data-element_type=\"column\" data-e-type=\"column\">\n\t\t\t<div class=\"elementor-widget-wrap elementor-element-populated\">\n\t\t\t\t\t\t<div class=\"elementor-element elementor-element-595d76fd elementor-widget__width-initial de_scroll_animation_no elementor-invisible elementor-widget elementor-widget-qi_addons_for_elementor_counter\" data-id=\"595d76fd\" data-element_type=\"widget\" data-e-type=\"widget\" data-settings=\"{&quot;_animation&quot;:&quot;fadeIn&quot;}\" data-widget_type=\"qi_addons_for_elementor_counter.default\">\n\t\t\t\t<div class=\"elementor-widget-container\">\n\t\t\t\t\t<div class=\"qodef-shortcode qodef-m qodef-qi-counter qodef-layout--simple qodef-digit-stroke-effect\" data-end-digit=\"13\">\n\t<div class=\"qodef-m-digit-wrapper\">\n\t\t<div class=\"qodef-m-digit\"><\/div>\n\t<div class=\"qodef-m-icon\">\n\t\t\t\t\t<i aria-hidden=\"true\" class=\"icon icon-pencil\"><\/i>\t\t\t<\/div>\n\t<\/div>\n\t\t<div class=\"qodef-m-content\">\n\t\t\t<h5 class=\"qodef-m-title\">\n\t\tWriters\t<\/h5>\n\t\t\t<div class=\"qodef-m-text\">\n\t\tLorem ipsum dolor sit amet, consectetur adipiscing elit. \t<\/div>\n\t<\/div>\n<\/div>\n\t\t\t\t<\/div>\n\t\t\t\t<\/div>\n\t\t\t\t<div class=\"elementor-element elementor-element-15106a62 elementor-widget__width-initial de_scroll_animation_no elementor-invisible elementor-widget elementor-widget-qi_addons_for_elementor_counter\" data-id=\"15106a62\" data-element_type=\"widget\" data-e-type=\"widget\" data-settings=\"{&quot;_animation&quot;:&quot;fadeIn&quot;}\" data-widget_type=\"qi_addons_for_elementor_counter.default\">\n\t\t\t\t<div class=\"elementor-widget-container\">\n\t\t\t\t\t<div class=\"qodef-shortcode qodef-m qodef-qi-counter qodef-layout--simple qodef-digit-stroke-effect\" data-end-digit=\"25\">\n\t<div class=\"qodef-m-digit-wrapper\">\n\t\t<div class=\"qodef-m-digit\"><\/div>\n\t<div class=\"qodef-m-icon\">\n\t\t\t\t\t<i aria-hidden=\"true\" class=\"icon icon-bubble\"><\/i>\t\t\t<\/div>\n\t<\/div>\n\t\t<div class=\"qodef-m-content\">\n\t\t\t<h5 class=\"qodef-m-title\">\n\t\tContributors\t<\/h5>\n\t\t\t<div class=\"qodef-m-text\">\n\t\tLorem ipsum dolor sit amet, consectetur adipiscing elit.\t<\/div>\n\t<\/div>\n<\/div>\n\t\t\t\t<\/div>\n\t\t\t\t<\/div>\n\t\t\t\t\t<\/div>\n\t\t<\/div>\n\t\t\t\t<div class=\"elementor-column elementor-col-50 elementor-top-column elementor-element elementor-element-4f593e2c\" data-id=\"4f593e2c\" data-element_type=\"column\" data-e-type=\"column\">\n\t\t\t<div class=\"elementor-widget-wrap elementor-element-populated\">\n\t\t\t\t\t\t<div class=\"elementor-element elementor-element-5ff8e347 de_scroll_animation_no elementor-invisible elementor-widget elementor-widget-heading\" data-id=\"5ff8e347\" data-element_type=\"widget\" data-e-type=\"widget\" data-settings=\"{&quot;_animation&quot;:&quot;fadeIn&quot;}\" data-widget_type=\"heading.default\">\n\t\t\t\t<div class=\"elementor-widget-container\">\n\t\t\t\t\t<h3 class=\"elementor-heading-title elementor-size-default\">Join our team!<\/h3>\t\t\t\t<\/div>\n\t\t\t\t<\/div>\n\t\t\t\t<div class=\"elementor-element elementor-element-44ef6f15 de_scroll_animation_no elementor-invisible elementor-widget elementor-widget-text-editor\" data-id=\"44ef6f15\" data-element_type=\"widget\" data-e-type=\"widget\" data-settings=\"{&quot;_animation&quot;:&quot;fadeIn&quot;}\" data-widget_type=\"text-editor.default\">\n\t\t\t\t<div class=\"elementor-widget-container\">\n\t\t\t\t\t\t\t\t\t<p>Pellentesque dignissim enim sit amet venenatis urna. Duis ut diam quam nulla porttitor. In iaculis nunc sed augue lacus. Diam vulputate ut pharetra sit amet aliquam.<\/p>\t\t\t\t\t\t\t\t<\/div>\n\t\t\t\t<\/div>\n\t\t\t\t<div class=\"elementor-element elementor-element-35cf9fe8 de_scroll_animation_no elementor-invisible elementor-widget elementor-widget-button\" data-id=\"35cf9fe8\" data-element_type=\"widget\" data-e-type=\"widget\" data-settings=\"{&quot;_animation&quot;:&quot;fadeIn&quot;}\" data-widget_type=\"button.default\">\n\t\t\t\t<div class=\"elementor-widget-container\">\n\t\t\t\t\t\t\t\t\t<div class=\"elementor-button-wrapper\">\n\t\t\t\t\t<a class=\"elementor-button elementor-button-link elementor-size-sm\" href=\"#\">\n\t\t\t\t\t\t<span class=\"elementor-button-content-wrapper\">\n\t\t\t\t\t\t\t\t\t<span class=\"elementor-button-text\">See Open Positions<\/span>\n\t\t\t\t\t<\/span>\n\t\t\t\t\t<\/a>\n\t\t\t\t<\/div>\n\t\t\t\t\t\t\t\t<\/div>\n\t\t\t\t<\/div>\n\t\t\t\t\t<\/div>\n\t\t<\/div>\n\t\t\t\t\t<\/div>\n\t\t<\/section>\n\t\t\t\t<\/div>","protected":false},"excerpt":{"rendered":"<p>We bring latest trends on digital life Lorem ipsum dolor sit amet, consectetur adipiscing elit. Ut elit tellus, luctus nec ullamcorper mattis. Talent wins games, but teamwork and intelligence win championships. Lorem ipsum dolor sit amet, consectetur adipiscing elit, sed do eiusmod tempor incididunt ut labore et dolore magna aliqua. Purus gravida quis blandit turpis [&hellip;]<\/p>\n","protected":false},"author":1,"featured_media":0,"parent":0,"menu_order":0,"comment_status":"closed","ping_status":"closed","template":"","meta":{"footnotes":""},"class_list":["post-2969","page","type-page","status-publish","hentry"],"yoast_head":"<!-- This site is optimized with the Yoast SEO plugin v27.5 - https:\/\/yoast.com\/product\/yoast-seo-wordpress\/ -->\n<title>Sobre Wellness Forum - Wellness Forum<\/title>\n<meta name=\"robots\" content=\"index, follow, max-snippet:-1, max-image-preview:large, max-video-preview:-1\" \/>\n<link rel=\"canonical\" href=\"https:\/\/wellnessforum.pro\/en\/about-wellness-forum\/\" \/>\n<meta property=\"og:locale\" content=\"en_GB\" \/>\n<meta property=\"og:type\" content=\"article\" \/>\n<meta property=\"og:title\" content=\"Sobre Wellness Forum - Wellness Forum\" \/>\n<meta property=\"og:description\" content=\"We bring latest trends on digital life Lorem ipsum dolor sit amet, consectetur adipiscing elit. Ut elit tellus, luctus nec ullamcorper mattis. Talent wins games, but teamwork and intelligence win championships. Lorem ipsum dolor sit amet, consectetur adipiscing elit, sed do eiusmod tempor incididunt ut labore et dolore magna aliqua. Purus gravida quis blandit turpis [&hellip;]\" \/>\n<meta property=\"og:url\" content=\"https:\/\/wellnessforum.pro\/en\/about-wellness-forum\/\" \/>\n<meta property=\"og:site_name\" content=\"Wellness Forum\" \/>\n<meta property=\"article:modified_time\" content=\"2023-09-06T14:32:26+00:00\" \/>\n<meta property=\"og:image\" content=\"https:\/\/wellnessforum.pro\/wp-content\/uploads\/2023\/09\/49.jpg\" \/>\n<meta name=\"twitter:card\" content=\"summary_large_image\" \/>\n<meta name=\"twitter:label1\" content=\"Estimated reading time\" \/>\n\t<meta name=\"twitter:data1\" content=\"1 minute\" \/>\n<script type=\"application\/ld+json\" class=\"yoast-schema-graph\">{\"@context\":\"https:\\\/\\\/schema.org\",\"@graph\":[{\"@type\":\"WebPage\",\"@id\":\"https:\\\/\\\/wellnessforum.pro\\\/sobre-wellness-forum\\\/\",\"url\":\"https:\\\/\\\/wellnessforum.pro\\\/sobre-wellness-forum\\\/\",\"name\":\"Sobre Wellness Forum - Wellness Forum\",\"isPartOf\":{\"@id\":\"https:\\\/\\\/wellnessforum.pro\\\/#website\"},\"primaryImageOfPage\":{\"@id\":\"https:\\\/\\\/wellnessforum.pro\\\/sobre-wellness-forum\\\/#primaryimage\"},\"image\":{\"@id\":\"https:\\\/\\\/wellnessforum.pro\\\/sobre-wellness-forum\\\/#primaryimage\"},\"thumbnailUrl\":\"https:\\\/\\\/wellnessforum.pro\\\/wp-content\\\/uploads\\\/2023\\\/09\\\/49.jpg\",\"datePublished\":\"2023-09-06T14:31:46+00:00\",\"dateModified\":\"2023-09-06T14:32:26+00:00\",\"breadcrumb\":{\"@id\":\"https:\\\/\\\/wellnessforum.pro\\\/sobre-wellness-forum\\\/#breadcrumb\"},\"inLanguage\":\"en-GB\",\"potentialAction\":[{\"@type\":\"ReadAction\",\"target\":[\"https:\\\/\\\/wellnessforum.pro\\\/sobre-wellness-forum\\\/\"]}]},{\"@type\":\"ImageObject\",\"inLanguage\":\"en-GB\",\"@id\":\"https:\\\/\\\/wellnessforum.pro\\\/sobre-wellness-forum\\\/#primaryimage\",\"url\":\"https:\\\/\\\/wellnessforum.pro\\\/wp-content\\\/uploads\\\/2023\\\/09\\\/49.jpg\",\"contentUrl\":\"https:\\\/\\\/wellnessforum.pro\\\/wp-content\\\/uploads\\\/2023\\\/09\\\/49.jpg\"},{\"@type\":\"BreadcrumbList\",\"@id\":\"https:\\\/\\\/wellnessforum.pro\\\/sobre-wellness-forum\\\/#breadcrumb\",\"itemListElement\":[{\"@type\":\"ListItem\",\"position\":1,\"name\":\"Portada\",\"item\":\"https:\\\/\\\/wellnessforum.pro\\\/\"},{\"@type\":\"ListItem\",\"position\":2,\"name\":\"Sobre Wellness Forum\"}]},{\"@type\":\"WebSite\",\"@id\":\"https:\\\/\\\/wellnessforum.pro\\\/#website\",\"url\":\"https:\\\/\\\/wellnessforum.pro\\\/\",\"name\":\"Wellness Forum\",\"description\":\"\u00bfQuieres una vida m\u00e1s saludable y pr\u00f3spera? Visita Wellness Forum y encuentra las mejores gu\u00edas y consejos en salud, bienestar y riqueza. \u00a1Empieza tu transformaci\u00f3n!\",\"publisher\":{\"@id\":\"https:\\\/\\\/wellnessforum.pro\\\/#organization\"},\"potentialAction\":[{\"@type\":\"SearchAction\",\"target\":{\"@type\":\"EntryPoint\",\"urlTemplate\":\"https:\\\/\\\/wellnessforum.pro\\\/?s={search_term_string}\"},\"query-input\":{\"@type\":\"PropertyValueSpecification\",\"valueRequired\":true,\"valueName\":\"search_term_string\"}}],\"inLanguage\":\"en-GB\"},{\"@type\":\"Organization\",\"@id\":\"https:\\\/\\\/wellnessforum.pro\\\/#organization\",\"name\":\"Wellness Forum\",\"url\":\"https:\\\/\\\/wellnessforum.pro\\\/\",\"logo\":{\"@type\":\"ImageObject\",\"inLanguage\":\"en-GB\",\"@id\":\"https:\\\/\\\/wellnessforum.pro\\\/#\\\/schema\\\/logo\\\/image\\\/\",\"url\":\"https:\\\/\\\/wellnessforum.pro\\\/wp-content\\\/uploads\\\/2023\\\/09\\\/160LOGO-WF.png\",\"contentUrl\":\"https:\\\/\\\/wellnessforum.pro\\\/wp-content\\\/uploads\\\/2023\\\/09\\\/160LOGO-WF.png\",\"width\":235,\"height\":160,\"caption\":\"Wellness Forum\"},\"image\":{\"@id\":\"https:\\\/\\\/wellnessforum.pro\\\/#\\\/schema\\\/logo\\\/image\\\/\"}}]}<\/script>\n<!-- \/ Yoast SEO plugin. -->","yoast_head_json":{"title":"About Wellness Forum - Wellness Forum","robots":{"index":"index","follow":"follow","max-snippet":"max-snippet:-1","max-image-preview":"max-image-preview:large","max-video-preview":"max-video-preview:-1"},"canonical":"https:\/\/wellnessforum.pro\/en\/about-wellness-forum\/","og_locale":"en_GB","og_type":"article","og_title":"Sobre Wellness Forum - Wellness Forum","og_description":"We bring latest trends on digital life Lorem ipsum dolor sit amet, consectetur adipiscing elit. Ut elit tellus, luctus nec ullamcorper mattis. Talent wins games, but teamwork and intelligence win championships. Lorem ipsum dolor sit amet, consectetur adipiscing elit, sed do eiusmod tempor incididunt ut labore et dolore magna aliqua. Purus gravida quis blandit turpis [&hellip;]","og_url":"https:\/\/wellnessforum.pro\/en\/about-wellness-forum\/","og_site_name":"Wellness Forum","article_modified_time":"2023-09-06T14:32:26+00:00","og_image":[{"url":"https:\/\/wellnessforum.pro\/wp-content\/uploads\/2023\/09\/49.jpg","type":"","width":"","height":""}],"twitter_card":"summary_large_image","twitter_misc":{"Estimated reading time":"1 minute"},"schema":{"@context":"https:\/\/schema.org","@graph":[{"@type":"WebPage","@id":"https:\/\/wellnessforum.pro\/sobre-wellness-forum\/","url":"https:\/\/wellnessforum.pro\/sobre-wellness-forum\/","name":"About Wellness Forum - Wellness Forum","isPartOf":{"@id":"https:\/\/wellnessforum.pro\/#website"},"primaryImageOfPage":{"@id":"https:\/\/wellnessforum.pro\/sobre-wellness-forum\/#primaryimage"},"image":{"@id":"https:\/\/wellnessforum.pro\/sobre-wellness-forum\/#primaryimage"},"thumbnailUrl":"https:\/\/wellnessforum.pro\/wp-content\/uploads\/2023\/09\/49.jpg","datePublished":"2023-09-06T14:31:46+00:00","dateModified":"2023-09-06T14:32:26+00:00","breadcrumb":{"@id":"https:\/\/wellnessforum.pro\/sobre-wellness-forum\/#breadcrumb"},"inLanguage":"en-GB","potentialAction":[{"@type":"ReadAction","target":["https:\/\/wellnessforum.pro\/sobre-wellness-forum\/"]}]},{"@type":"ImageObject","inLanguage":"en-GB","@id":"https:\/\/wellnessforum.pro\/sobre-wellness-forum\/#primaryimage","url":"https:\/\/wellnessforum.pro\/wp-content\/uploads\/2023\/09\/49.jpg","contentUrl":"https:\/\/wellnessforum.pro\/wp-content\/uploads\/2023\/09\/49.jpg"},{"@type":"BreadcrumbList","@id":"https:\/\/wellnessforum.pro\/sobre-wellness-forum\/#breadcrumb","itemListElement":[{"@type":"ListItem","position":1,"name":"Portada","item":"https:\/\/wellnessforum.pro\/"},{"@type":"ListItem","position":2,"name":"Sobre Wellness Forum"}]},{"@type":"WebSite","@id":"https:\/\/wellnessforum.pro\/#website","url":"https:\/\/wellnessforum.pro\/","name":"Wellness Forum","description":"Do you want a healthier and more prosperous life? Visit the Wellness Forum and find the best guides and advice on health, wellness and wealth - start your transformation!","publisher":{"@id":"https:\/\/wellnessforum.pro\/#organization"},"potentialAction":[{"@type":"SearchAction","target":{"@type":"EntryPoint","urlTemplate":"https:\/\/wellnessforum.pro\/?s={search_term_string}"},"query-input":{"@type":"PropertyValueSpecification","valueRequired":true,"valueName":"search_term_string"}}],"inLanguage":"en-GB"},{"@type":"Organization","@id":"https:\/\/wellnessforum.pro\/#organization","name":"Wellness Forum","url":"https:\/\/wellnessforum.pro\/","logo":{"@type":"ImageObject","inLanguage":"en-GB","@id":"https:\/\/wellnessforum.pro\/#\/schema\/logo\/image\/","url":"https:\/\/wellnessforum.pro\/wp-content\/uploads\/2023\/09\/160LOGO-WF.png","contentUrl":"https:\/\/wellnessforum.pro\/wp-content\/uploads\/2023\/09\/160LOGO-WF.png","width":235,"height":160,"caption":"Wellness Forum"},"image":{"@id":"https:\/\/wellnessforum.pro\/#\/schema\/logo\/image\/"}}]}},"_links":{"self":[{"href":"https:\/\/wellnessforum.pro\/en\/wp-json\/wp\/v2\/pages\/2969","targetHints":{"allow":["GET"]}}],"collection":[{"href":"https:\/\/wellnessforum.pro\/en\/wp-json\/wp\/v2\/pages"}],"about":[{"href":"https:\/\/wellnessforum.pro\/en\/wp-json\/wp\/v2\/types\/page"}],"author":[{"embeddable":true,"href":"https:\/\/wellnessforum.pro\/en\/wp-json\/wp\/v2\/users\/1"}],"replies":[{"embeddable":true,"href":"https:\/\/wellnessforum.pro\/en\/wp-json\/wp\/v2\/comments?post=2969"}],"version-history":[{"count":0,"href":"https:\/\/wellnessforum.pro\/en\/wp-json\/wp\/v2\/pages\/2969\/revisions"}],"wp:attachment":[{"href":"https:\/\/wellnessforum.pro\/en\/wp-json\/wp\/v2\/media?parent=2969"}],"curies":[{"name":"wp","href":"https:\/\/api.w.org\/{rel}","templated":true}]}}